{"id":1082,"date":"2023-02-02T23:45:05","date_gmt":"2023-02-02T23:45:05","guid":{"rendered":"https:\/\/mikanvarilstvo.de\/?page_id=1082"},"modified":"2023-09-17T20:43:02","modified_gmt":"2023-09-17T20:43:02","slug":"impressum","status":"publish","type":"page","link":"https:\/\/mikanvarilstvo.de\/sl\/impressum\/","title":{"rendered":"Odtis"},"content":{"rendered":"<div class=\"wp-block-columns is-layout-flex wp-container-core-columns-is-layout-1 wp-block-columns-is-layout-flex\">\n<div class=\"wp-block-column is-layout-flow wp-block-column-is-layout-flow\">\n<p><strong>MIKAN VARILSTVO d.o.o.<\/strong><\/p>\n\n\n\n<p>Celov\u0161ka cesta 136, Ljubljana, 1000 Ljubljana<\/p>\n\n\n\n<p>Gesch\u00e4ftsf\u00fchrer: Dejan Mikan<\/p>\n\n\n\n<p>Sitz der Gesellschaft: Ljubljana<\/p>\n\n\n\n<p><strong>Kontakt<\/strong><\/p>\n\n\n\n<p>T: \u00a0<a href=\"tel:+38670233685\">+386 70 233 685<\/a><\/p>\n\n\n\n<p>E:&nbsp; <a href=\"mailto:mikanradovan95@gmail.com\">mikanradovan95@gmail.com<\/a><\/p>\n\n\n\n<p><a href=\"https:\/\/mikanvarilstvo.de\/sl\/\">www.mikanvarilstvo.de<\/a><\/p>\n\n\n\n<p><strong>Registereintrag<\/strong><\/p>\n\n\n\n<p>Eintragung im Handelsregister.<br>Registergericht: Amtsgericht Ljubljana<br>Registernummer: 9248498000<\/p>\n\n\n\n<p><br><strong>Umsatzsteuer-ID<\/strong><\/p>\n\n\n\n<p>SI78418623<\/p>\n<\/div>\n\n\n\n<div class=\"wp-block-column is-layout-flow wp-block-column-is-layout-flow\">\n<p><strong>MIKAN VARILSTVO s.p.<\/strong><\/p>\n\n\n\n<p>Dravinjska cesta 64, Spodnje Polj\u010dane, 2319 Polj\u010dane<\/p>\n\n\n\n<p>Gesch\u00e4ftsf\u00fchrer: Dejan Mikan<\/p>\n\n\n\n<p>Sitz der Gesellschaft: Polj\u010dane<\/p>\n\n\n\n<p><strong>Kontakt<\/strong><\/p>\n\n\n\n<p>T: \u00a0<a href=\"tel:+38651804172\">+386 51 804 172<\/a><\/p>\n\n\n\n<p>E:\u00a0 <a href=\"mailto:mikandejan2@gmail.com\">mikandejan2@gmail.com<\/a><\/p>\n\n\n\n<p><a href=\"https:\/\/mikanvarilstvo.de\/sl\/\">www.mikanvarilstvo.de<\/a><\/p>\n\n\n\n<p><strong>Registereintrag<\/strong><\/p>\n\n\n\n<p>Eintragung im Handelsregister.<br>Registergericht: Amtsgericht Maribor<br>Registernummer: 8530467000<\/p>\n\n\n\n<p><br><strong>Umsatzsteuer-ID<\/strong><\/p>\n\n\n\n<p>SI29575257<\/p>\n<\/div>\n<\/div>","protected":false},"excerpt":{"rendered":"<p>MIKAN VARILSTVO d.o.o. Celov\u0161ka cesta 136, Ljubljana, 1000 Ljubljana Gesch\u00e4ftsf\u00fchrer: Dejan Mikan Sitz der Gesellschaft: Ljubljana Kontakt T: \u00a0+386 70 233 685 E:&nbsp; mikanradovan95@gmail.com www.mikanvarilstvo.de Registereintrag Eintragung im Handelsregister.Registergericht: Amtsgericht LjubljanaRegisternummer: 9248498000 Umsatzsteuer-ID SI78418623 MIKAN VARILSTVO s.p. Dravinjska cesta 64, Spodnje Polj\u010dane, 2319 Polj\u010dane Gesch\u00e4ftsf\u00fchrer: Dejan Mikan Sitz der Gesellschaft: Polj\u010dane Kontakt T: \u00a0+386 51 [&hellip;]<\/p>","protected":false},"author":1,"featured_media":0,"parent":0,"menu_order":0,"comment_status":"closed","ping_status":"closed","template":"","meta":{"footnotes":""},"class_list":["post-1082","page","type-page","status-publish","hentry"],"blocksy_meta":{"styles_descriptor":{"styles":{"desktop":"","tablet":"","mobile":""},"google_fonts":[],"version":6}},"yoast_head":"<!-- This site is optimized with the Yoast SEO plugin v24.3 - https:\/\/yoast.com\/wordpress\/plugins\/seo\/ -->\n<title>Impressum - Mikan Varilstvo<\/title>\n<meta name=\"robots\" content=\"index, follow, max-snippet:-1, max-image-preview:large, max-video-preview:-1\" \/>\n<link rel=\"canonical\" href=\"https:\/\/mikanvarilstvo.de\/sl\/impressum\/\" \/>\n<meta property=\"og:locale\" content=\"sl_SI\" \/>\n<meta property=\"og:type\" content=\"article\" \/>\n<meta property=\"og:title\" content=\"Impressum - Mikan Varilstvo\" \/>\n<meta property=\"og:description\" content=\"MIKAN VARILSTVO d.o.o. Celov\u0161ka cesta 136, Ljubljana, 1000 Ljubljana Gesch\u00e4ftsf\u00fchrer: Dejan Mikan Sitz der Gesellschaft: Ljubljana Kontakt T: \u00a0+386 70 233 685 E:&nbsp; mikanradovan95@gmail.com www.mikanvarilstvo.de Registereintrag Eintragung im Handelsregister.Registergericht: Amtsgericht LjubljanaRegisternummer: 9248498000 Umsatzsteuer-ID SI78418623 MIKAN VARILSTVO s.p. Dravinjska cesta 64, Spodnje Polj\u010dane, 2319 Polj\u010dane Gesch\u00e4ftsf\u00fchrer: Dejan Mikan Sitz der Gesellschaft: Polj\u010dane Kontakt T: \u00a0+386 51 [&hellip;]\" \/>\n<meta property=\"og:url\" content=\"https:\/\/mikanvarilstvo.de\/sl\/impressum\/\" \/>\n<meta property=\"og:site_name\" content=\"Mikan Varilstvo\" \/>\n<meta property=\"article:publisher\" content=\"https:\/\/www.facebook.com\/mikanvarilstvo\/\" \/>\n<meta property=\"article:modified_time\" content=\"2023-09-17T20:43:02+00:00\" \/>\n<meta name=\"twitter:card\" content=\"summary_large_image\" \/>\n<meta name=\"twitter:label1\" content=\"Est. reading time\" \/>\n\t<meta name=\"twitter:data1\" content=\"1 minuta\" \/>\n<script type=\"application\/ld+json\" class=\"yoast-schema-graph\">{\"@context\":\"https:\/\/schema.org\",\"@graph\":[{\"@type\":\"WebPage\",\"@id\":\"https:\/\/mikanvarilstvo.de\/impressum\/\",\"url\":\"https:\/\/mikanvarilstvo.de\/impressum\/\",\"name\":\"Impressum - Mikan Varilstvo\",\"isPartOf\":{\"@id\":\"https:\/\/mikanvarilstvo.de\/#website\"},\"datePublished\":\"2023-02-02T23:45:05+00:00\",\"dateModified\":\"2023-09-17T20:43:02+00:00\",\"breadcrumb\":{\"@id\":\"https:\/\/mikanvarilstvo.de\/impressum\/#breadcrumb\"},\"inLanguage\":\"sl-SI\",\"potentialAction\":[{\"@type\":\"ReadAction\",\"target\":[\"https:\/\/mikanvarilstvo.de\/impressum\/\"]}]},{\"@type\":\"BreadcrumbList\",\"@id\":\"https:\/\/mikanvarilstvo.de\/impressum\/#breadcrumb\",\"itemListElement\":[{\"@type\":\"ListItem\",\"position\":1,\"name\":\"Home\",\"item\":\"https:\/\/mikanvarilstvo.de\/\"},{\"@type\":\"ListItem\",\"position\":2,\"name\":\"Impressum\"}]},{\"@type\":\"WebSite\",\"@id\":\"https:\/\/mikanvarilstvo.de\/#website\",\"url\":\"https:\/\/mikanvarilstvo.de\/\",\"name\":\"Mikan Varilstvo\",\"description\":\"Schwei\u00df, Rohrinstallations und Elektroinstallationsdienste\",\"publisher\":{\"@id\":\"https:\/\/mikanvarilstvo.de\/#organization\"},\"potentialAction\":[{\"@type\":\"SearchAction\",\"target\":{\"@type\":\"EntryPoint\",\"urlTemplate\":\"https:\/\/mikanvarilstvo.de\/?s={search_term_string}\"},\"query-input\":{\"@type\":\"PropertyValueSpecification\",\"valueRequired\":true,\"valueName\":\"search_term_string\"}}],\"inLanguage\":\"sl-SI\"},{\"@type\":\"Organization\",\"@id\":\"https:\/\/mikanvarilstvo.de\/#organization\",\"name\":\"Mikan Varilstvo\",\"url\":\"https:\/\/mikanvarilstvo.de\/\",\"logo\":{\"@type\":\"ImageObject\",\"inLanguage\":\"sl-SI\",\"@id\":\"https:\/\/mikanvarilstvo.de\/#\/schema\/logo\/image\/\",\"url\":\"https:\/\/mikanvarilstvo.de\/wp-content\/uploads\/2023\/02\/mv-logo.png\",\"contentUrl\":\"https:\/\/mikanvarilstvo.de\/wp-content\/uploads\/2023\/02\/mv-logo.png\",\"width\":1200,\"height\":700,\"caption\":\"Mikan Varilstvo\"},\"image\":{\"@id\":\"https:\/\/mikanvarilstvo.de\/#\/schema\/logo\/image\/\"},\"sameAs\":[\"https:\/\/www.facebook.com\/mikanvarilstvo\/\",\"https:\/\/www.instagram.com\/mikan_varilstvo\/\"]}]}<\/script>\n<!-- \/ Yoast SEO plugin. -->","yoast_head_json":{"title":"Impressum - Mikan Varilstvo","robots":{"index":"index","follow":"follow","max-snippet":"max-snippet:-1","max-image-preview":"max-image-preview:large","max-video-preview":"max-video-preview:-1"},"canonical":"https:\/\/mikanvarilstvo.de\/sl\/impressum\/","og_locale":"sl_SI","og_type":"article","og_title":"Impressum - Mikan Varilstvo","og_description":"MIKAN VARILSTVO d.o.o. Celov\u0161ka cesta 136, Ljubljana, 1000 Ljubljana Gesch\u00e4ftsf\u00fchrer: Dejan Mikan Sitz der Gesellschaft: Ljubljana Kontakt T: \u00a0+386 70 233 685 E:&nbsp; mikanradovan95@gmail.com www.mikanvarilstvo.de Registereintrag Eintragung im Handelsregister.Registergericht: Amtsgericht LjubljanaRegisternummer: 9248498000 Umsatzsteuer-ID SI78418623 MIKAN VARILSTVO s.p. Dravinjska cesta 64, Spodnje Polj\u010dane, 2319 Polj\u010dane Gesch\u00e4ftsf\u00fchrer: Dejan Mikan Sitz der Gesellschaft: Polj\u010dane Kontakt T: \u00a0+386 51 [&hellip;]","og_url":"https:\/\/mikanvarilstvo.de\/sl\/impressum\/","og_site_name":"Mikan Varilstvo","article_publisher":"https:\/\/www.facebook.com\/mikanvarilstvo\/","article_modified_time":"2023-09-17T20:43:02+00:00","twitter_card":"summary_large_image","twitter_misc":{"Est. reading time":"1 minuta"},"schema":{"@context":"https:\/\/schema.org","@graph":[{"@type":"WebPage","@id":"https:\/\/mikanvarilstvo.de\/impressum\/","url":"https:\/\/mikanvarilstvo.de\/impressum\/","name":"Impressum - Mikan Varilstvo","isPartOf":{"@id":"https:\/\/mikanvarilstvo.de\/#website"},"datePublished":"2023-02-02T23:45:05+00:00","dateModified":"2023-09-17T20:43:02+00:00","breadcrumb":{"@id":"https:\/\/mikanvarilstvo.de\/impressum\/#breadcrumb"},"inLanguage":"sl-SI","potentialAction":[{"@type":"ReadAction","target":["https:\/\/mikanvarilstvo.de\/impressum\/"]}]},{"@type":"BreadcrumbList","@id":"https:\/\/mikanvarilstvo.de\/impressum\/#breadcrumb","itemListElement":[{"@type":"ListItem","position":1,"name":"Home","item":"https:\/\/mikanvarilstvo.de\/"},{"@type":"ListItem","position":2,"name":"Impressum"}]},{"@type":"WebSite","@id":"https:\/\/mikanvarilstvo.de\/#website","url":"https:\/\/mikanvarilstvo.de\/","name":"Mikan Varilstvo","description":"Schwei\u00df, Rohrinstallations und Elektroinstallationsdienste","publisher":{"@id":"https:\/\/mikanvarilstvo.de\/#organization"},"potentialAction":[{"@type":"SearchAction","target":{"@type":"EntryPoint","urlTemplate":"https:\/\/mikanvarilstvo.de\/?s={search_term_string}"},"query-input":{"@type":"PropertyValueSpecification","valueRequired":true,"valueName":"search_term_string"}}],"inLanguage":"sl-SI"},{"@type":"Organization","@id":"https:\/\/mikanvarilstvo.de\/#organization","name":"Mikan Varilstvo","url":"https:\/\/mikanvarilstvo.de\/","logo":{"@type":"ImageObject","inLanguage":"sl-SI","@id":"https:\/\/mikanvarilstvo.de\/#\/schema\/logo\/image\/","url":"https:\/\/mikanvarilstvo.de\/wp-content\/uploads\/2023\/02\/mv-logo.png","contentUrl":"https:\/\/mikanvarilstvo.de\/wp-content\/uploads\/2023\/02\/mv-logo.png","width":1200,"height":700,"caption":"Mikan Varilstvo"},"image":{"@id":"https:\/\/mikanvarilstvo.de\/#\/schema\/logo\/image\/"},"sameAs":["https:\/\/www.facebook.com\/mikanvarilstvo\/","https:\/\/www.instagram.com\/mikan_varilstvo\/"]}]}},"brizy_media":[],"_links":{"self":[{"href":"https:\/\/mikanvarilstvo.de\/sl\/wp-json\/wp\/v2\/pages\/1082","targetHints":{"allow":["GET"]}}],"collection":[{"href":"https:\/\/mikanvarilstvo.de\/sl\/wp-json\/wp\/v2\/pages"}],"about":[{"href":"https:\/\/mikanvarilstvo.de\/sl\/wp-json\/wp\/v2\/types\/page"}],"author":[{"embeddable":true,"href":"https:\/\/mikanvarilstvo.de\/sl\/wp-json\/wp\/v2\/users\/1"}],"replies":[{"embeddable":true,"href":"https:\/\/mikanvarilstvo.de\/sl\/wp-json\/wp\/v2\/comments?post=1082"}],"version-history":[{"count":0,"href":"https:\/\/mikanvarilstvo.de\/sl\/wp-json\/wp\/v2\/pages\/1082\/revisions"}],"wp:attachment":[{"href":"https:\/\/mikanvarilstvo.de\/sl\/wp-json\/wp\/v2\/media?parent=1082"}],"curies":[{"name":"wp","href":"https:\/\/api.w.org\/{rel}","templated":true}]}}